{"id":360,"date":"2021-05-13T05:31:27","date_gmt":"2021-05-13T05:31:27","guid":{"rendered":"https:\/\/hervitransportes.com\/?page_id=360"},"modified":"2023-12-30T05:07:43","modified_gmt":"2023-12-30T05:07:43","slug":"about","status":"publish","type":"page","link":"https:\/\/hervitransportes.com\/?page_id=360","title":{"rendered":"Nosotros"},"content":{"rendered":"\n<div class=\"wp-block-uagb-container uagb-block-30c64779 alignfull uagb-is-root-container\"><div class=\"uagb-container-inner-blocks-wrap\">\n<div class=\"wp-block-uagb-advanced-heading uagb-block-96e68093\"><h1 class=\"uagb-heading-text\">Sobre nosotros<\/h1><p class=\"uagb-desc-text\">Somos una empresa dedicada al servicio de transporte de carga dispuesta a ayudar a agilizar el traslado de tus productos. <\/p><\/div>\n<\/div><\/div>\n\n\n\n<div class=\"wp-block-uagb-container uagb-block-537db3c6 alignfull uagb-is-root-container\"><div class=\"uagb-container-inner-blocks-wrap\">\n<div class=\"wp-block-uagb-container uagb-block-10183ace\">\n<div class=\"wp-block-uagb-container uagb-block-590b2a74\">\n<div class=\"wp-block-uagb-container uagb-block-bf8c7fc1\">\n<h2 class=\"wp-block-heading\">Nuestra filosof\u00eda<\/h2>\n\n\n\n<p>En Hervi Transportes nos esmeramos d\u00eda a d\u00eda en satisfacer las necesidades de nuestros clientes, brindando traslados con el tiempo y la <strong>seguridad<\/strong> necesaria, generando <strong>confianza<\/strong> en nuestros clientes. Creemos firmemente en el trabajo en equipo como parte esencial en el cumplimiento de nuestras metas.<\/p>\n<\/div>\n<\/div>\n<\/div>\n\n\n\n<div class=\"wp-block-uagb-container uagb-block-cb880d03\">\n<div class=\"wp-block-uagb-image uagb-block-71b21ad1 wp-block-uagb-image--layout-default wp-block-uagb-image--effect-static wp-block-uagb-image--align-none\"><figure class=\"wp-block-uagb-image__figure\"><img decoding=\"async\" srcset=\"http:\/\/hervitransportes.com\/wp-content\/uploads\/2023\/10\/cropped-Logotipo-sin-fondo-2-1024x644.png ,http:\/\/hervitransportes.com\/wp-content\/uploads\/2023\/10\/cropped-Logotipo-sin-fondo-2.png 780w, http:\/\/hervitransportes.com\/wp-content\/uploads\/2023\/10\/cropped-Logotipo-sin-fondo-2.png 360w\" sizes=\"auto, (max-width: 480px) 150px\" src=\"http:\/\/hervitransportes.com\/wp-content\/uploads\/2023\/10\/cropped-Logotipo-sin-fondo-2-1024x644.png\" alt=\"\" class=\"uag-image-583\" width=\"520\" height=\"250\" title=\"\" loading=\"lazy\"\/><\/figure><\/div>\n<\/div>\n<\/div><\/div>\n\n\n\n<div class=\"wp-block-uagb-container uagb-block-395f69b9 alignfull uagb-is-root-container\"><div class=\"uagb-container-inner-blocks-wrap\">\n<div class=\"wp-block-uagb-container uagb-block-a9a22e77\">\n<div class=\"wp-block-uagb-advanced-heading uagb-block-992e1d53\"><h3 class=\"uagb-heading-text\">Misi\u00f3n\u200b<\/h3><p class=\"uagb-desc-text\">Brindar un servicio de transporte de carga de manera confiable y de alta calidad.<\/p><\/div>\n\n\n\n<div class=\"wp-block-uagb-advanced-heading uagb-block-2284a137\"><h3 class=\"uagb-heading-text\">Visi\u00f3n<\/h3><p class=\"uagb-desc-text\">Posicionarnos como una empresa l\u00edder a nivel local y regional, en el transporte de carga.<\/p><\/div>\n<\/div>\n\n\n\n<div class=\"wp-block-uagb-container uagb-block-6d4e5b67\">\n<div class=\"wp-block-uagb-advanced-heading uagb-block-bbe91d67\"><h3 class=\"uagb-heading-text\">Valores<\/h3><\/div>\n\n\n\n<div class=\"wp-block-uagb-icon-list uagb-block-60b012d5\"><div class=\"uagb-icon-list__wrap\">\n<div class=\"wp-block-uagb-icon-list-child uagb-block-8bcb204e\"><a target=\"_self\" aria-label=\"Pasi\u00f3n. Buscamos la excelencia en todos nuestros procesos.\" rel=\"noopener noreferrer\" href=\"#\"> <\/a><span class=\"uagb-icon-list__source-wrap\"><svg xmlns=\"https:\/\/www.w3.org\/2000\/svg\" viewBox=\"0 0 512 512\"><path d=\"M0 256C0 114.6 114.6 0 256 0C397.4 0 512 114.6 512 256C512 397.4 397.4 512 256 512C114.6 512 0 397.4 0 256zM371.8 211.8C382.7 200.9 382.7 183.1 371.8 172.2C360.9 161.3 343.1 161.3 332.2 172.2L224 280.4L179.8 236.2C168.9 225.3 151.1 225.3 140.2 236.2C129.3 247.1 129.3 264.9 140.2 275.8L204.2 339.8C215.1 350.7 232.9 350.7 243.8 339.8L371.8 211.8z\"><\/path><\/svg><\/span><span class=\"uagb-icon-list__label\"><strong>Pasi\u00f3n<\/strong>. Buscamos la excelencia en todos nuestros procesos.<\/span><\/div>\n\n\n\n<div class=\"wp-block-uagb-icon-list-child uagb-block-fe34200d\"><a target=\"_self\" aria-label=\"Responsabilidad. Es nuestro deber brindar un excelente servicio.\u200b\" rel=\"noopener noreferrer\" href=\"#\"> <\/a><span class=\"uagb-icon-list__source-wrap\"><svg xmlns=\"https:\/\/www.w3.org\/2000\/svg\" viewBox=\"0 0 512 512\"><path d=\"M0 256C0 114.6 114.6 0 256 0C397.4 0 512 114.6 512 256C512 397.4 397.4 512 256 512C114.6 512 0 397.4 0 256zM371.8 211.8C382.7 200.9 382.7 183.1 371.8 172.2C360.9 161.3 343.1 161.3 332.2 172.2L224 280.4L179.8 236.2C168.9 225.3 151.1 225.3 140.2 236.2C129.3 247.1 129.3 264.9 140.2 275.8L204.2 339.8C215.1 350.7 232.9 350.7 243.8 339.8L371.8 211.8z\"><\/path><\/svg><\/span><span class=\"uagb-icon-list__label\"><strong>Responsabilidad<\/strong>. Es nuestro deber brindar un excelente servicio.\u200b<\/span><\/div>\n\n\n\n<div class=\"wp-block-uagb-icon-list-child uagb-block-d18e95cd\"><a target=\"_self\" aria-label=\"Innovaci\u00f3n. Estamos abiertos a la manifestaci\u00f3n de ideas.\" rel=\"noopener noreferrer\" href=\"#\"> <\/a><span class=\"uagb-icon-list__source-wrap\"><svg xmlns=\"https:\/\/www.w3.org\/2000\/svg\" viewBox=\"0 0 512 512\"><path d=\"M0 256C0 114.6 114.6 0 256 0C397.4 0 512 114.6 512 256C512 397.4 397.4 512 256 512C114.6 512 0 397.4 0 256zM371.8 211.8C382.7 200.9 382.7 183.1 371.8 172.2C360.9 161.3 343.1 161.3 332.2 172.2L224 280.4L179.8 236.2C168.9 225.3 151.1 225.3 140.2 236.2C129.3 247.1 129.3 264.9 140.2 275.8L204.2 339.8C215.1 350.7 232.9 350.7 243.8 339.8L371.8 211.8z\"><\/path><\/svg><\/span><span class=\"uagb-icon-list__label\"><strong>Innovaci\u00f3n<\/strong>. Estamos abiertos a la manifestaci\u00f3n de ideas.<\/span><\/div>\n\n\n\n<div class=\"wp-block-uagb-icon-list-child uagb-block-202f09f0\"><span class=\"uagb-icon-list__source-wrap\"><svg xmlns=\"https:\/\/www.w3.org\/2000\/svg\" viewBox=\"0 0 512 512\"><path d=\"M0 256C0 114.6 114.6 0 256 0C397.4 0 512 114.6 512 256C512 397.4 397.4 512 256 512C114.6 512 0 397.4 0 256zM371.8 211.8C382.7 200.9 382.7 183.1 371.8 172.2C360.9 161.3 343.1 161.3 332.2 172.2L224 280.4L179.8 236.2C168.9 225.3 151.1 225.3 140.2 236.2C129.3 247.1 129.3 264.9 140.2 275.8L204.2 339.8C215.1 350.7 232.9 350.7 243.8 339.8L371.8 211.8z\"><\/path><\/svg><\/span><span class=\"uagb-icon-list__label\"><strong>Compromiso<\/strong>. Con el cliente y con nuestra empresa.<\/span><\/div>\n<\/div><\/div>\n<\/div>\n<\/div><\/div>\n\n\n\n<div class=\"wp-block-uagb-container uagb-block-cd23d4e7 alignfull uagb-is-root-container\"><div class=\"uagb-container-inner-blocks-wrap\">\n<div class=\"wp-block-uagb-container uagb-block-38ac57af\">\n<div class=\"wp-block-uagb-advanced-heading uagb-block-ab8e889b\"><h2 class=\"uagb-heading-text\">\u00bfPor qu\u00e9 elegirnos?\u200b<\/h2><p class=\"uagb-desc-text\">Garantizamos ser eficientes m\u00e1s all\u00e1 de los traslados, asegurando una excelente experiencia.<\/p><\/div>\n\n\n\n<div class=\"wp-block-uagb-icon-list uagb-block-e61dcdb2\"><div class=\"uagb-icon-list__wrap\">\n<div class=\"wp-block-uagb-icon-list-child uagb-block-55d1f747\"><a target=\"_self\" aria-label=\"Nos encargamos de satisfacer tus necesidades.\u200b\" rel=\"noopener noreferrer\" href=\"#\"> <\/a><span class=\"uagb-icon-list__source-wrap\"><svg xmlns=\"https:\/\/www.w3.org\/2000\/svg\" viewBox=\"0 0 512 512\"><path d=\"M0 256C0 114.6 114.6 0 256 0C397.4 0 512 114.6 512 256C512 397.4 397.4 512 256 512C114.6 512 0 397.4 0 256zM371.8 211.8C382.7 200.9 382.7 183.1 371.8 172.2C360.9 161.3 343.1 161.3 332.2 172.2L224 280.4L179.8 236.2C168.9 225.3 151.1 225.3 140.2 236.2C129.3 247.1 129.3 264.9 140.2 275.8L204.2 339.8C215.1 350.7 232.9 350.7 243.8 339.8L371.8 211.8z\"><\/path><\/svg><\/span><span class=\"uagb-icon-list__label\">Nos encargamos de satisfacer tus necesidades.\u200b<\/span><\/div>\n\n\n\n<div class=\"wp-block-uagb-icon-list-child uagb-block-0bb7ef6d\"><a target=\"_self\" aria-label=\"Brindamos traslados de tu mercanc\u00eda de manera segura y a tiempo.\u200b\" rel=\"noopener noreferrer\" href=\"#\"> <\/a><span class=\"uagb-icon-list__source-wrap\"><svg xmlns=\"https:\/\/www.w3.org\/2000\/svg\" viewBox=\"0 0 512 512\"><path d=\"M0 256C0 114.6 114.6 0 256 0C397.4 0 512 114.6 512 256C512 397.4 397.4 512 256 512C114.6 512 0 397.4 0 256zM371.8 211.8C382.7 200.9 382.7 183.1 371.8 172.2C360.9 161.3 343.1 161.3 332.2 172.2L224 280.4L179.8 236.2C168.9 225.3 151.1 225.3 140.2 236.2C129.3 247.1 129.3 264.9 140.2 275.8L204.2 339.8C215.1 350.7 232.9 350.7 243.8 339.8L371.8 211.8z\"><\/path><\/svg><\/span><span class=\"uagb-icon-list__label\">Brindamos traslados de tu mercanc\u00eda de manera segura y a tiempo.\u200b<\/span><\/div>\n\n\n\n<div class=\"wp-block-uagb-icon-list-child uagb-block-685a5aa8\"><a target=\"_self\" aria-label=\"Optimizamos la log\u00edstica de nuestros servicios para mayor eficacia.\u200b\" rel=\"noopener noreferrer\" href=\"#\"> <\/a><span class=\"uagb-icon-list__source-wrap\"><svg xmlns=\"https:\/\/www.w3.org\/2000\/svg\" viewBox=\"0 0 512 512\"><path d=\"M0 256C0 114.6 114.6 0 256 0C397.4 0 512 114.6 512 256C512 397.4 397.4 512 256 512C114.6 512 0 397.4 0 256zM371.8 211.8C382.7 200.9 382.7 183.1 371.8 172.2C360.9 161.3 343.1 161.3 332.2 172.2L224 280.4L179.8 236.2C168.9 225.3 151.1 225.3 140.2 236.2C129.3 247.1 129.3 264.9 140.2 275.8L204.2 339.8C215.1 350.7 232.9 350.7 243.8 339.8L371.8 211.8z\"><\/path><\/svg><\/span><span class=\"uagb-icon-list__label\">Optimizamos la log\u00edstica de nuestros servicios para mayor eficacia.\u200b<\/span><\/div>\n\n\n\n<div class=\"wp-block-uagb-icon-list-child uagb-block-6b0a0d04\"><a target=\"_self\" aria-label=\"Estamos en mejora permanente de nuestro equipo de trabajo.\u200b\" rel=\"noopener noreferrer\" href=\"#\"> <\/a><span class=\"uagb-icon-list__source-wrap\"><svg xmlns=\"https:\/\/www.w3.org\/2000\/svg\" viewBox=\"0 0 512 512\"><path d=\"M0 256C0 114.6 114.6 0 256 0C397.4 0 512 114.6 512 256C512 397.4 397.4 512 256 512C114.6 512 0 397.4 0 256zM371.8 211.8C382.7 200.9 382.7 183.1 371.8 172.2C360.9 161.3 343.1 161.3 332.2 172.2L224 280.4L179.8 236.2C168.9 225.3 151.1 225.3 140.2 236.2C129.3 247.1 129.3 264.9 140.2 275.8L204.2 339.8C215.1 350.7 232.9 350.7 243.8 339.8L371.8 211.8z\"><\/path><\/svg><\/span><span class=\"uagb-icon-list__label\">Estamos en mejora permanente de nuestro equipo de trabajo.\u200b<\/span><\/div>\n<\/div><\/div>\n<\/div>\n\n\n\n<div class=\"wp-block-uagb-container uagb-block-2392d4b5\">\n<div class=\"wp-block-uagb-image alignright uagb-block-1bba2fd8 wp-block-uagb-image--layout-default wp-block-uagb-image--effect-static wp-block-uagb-image--align-right\"><figure class=\"wp-block-uagb-image__figure\"><img decoding=\"async\" srcset=\"https:\/\/hervitransportes.com\/wp-content\/uploads\/2023\/10\/krakenimages-Y5bvRlcCx8k-unsplash-2-1024x915.jpg ,https:\/\/hervitransportes.com\/wp-content\/uploads\/2023\/10\/krakenimages-Y5bvRlcCx8k-unsplash-2-scaled.jpg 780w, https:\/\/hervitransportes.com\/wp-content\/uploads\/2023\/10\/krakenimages-Y5bvRlcCx8k-unsplash-2-scaled.jpg 360w\" sizes=\"auto, (max-width: 480px) 150px\" src=\"https:\/\/hervitransportes.com\/wp-content\/uploads\/2023\/10\/krakenimages-Y5bvRlcCx8k-unsplash-2-1024x915.jpg\" alt=\"\" class=\"uag-image-600\" width=\"960\" height=\"640\" title=\"\" loading=\"lazy\"\/><\/figure><\/div>\n<\/div>\n<\/div><\/div>\n\n\n\n<h5 class=\"wp-block-heading has-text-align-center\">HERVI TRANSPORTES<\/h5>\n\n\n\n<h2 class=\"wp-block-heading has-text-align-center\">Seguro y a tiempo<\/h2>\n\n\n\n<div class=\"wp-block-uagb-container uagb-block-9adebbba alignfull uagb-is-root-container\"><div class=\"uagb-container-inner-blocks-wrap\">\n<div class=\"wp-block-uagb-container uagb-block-1cd96b01\">\n<div class=\"wp-block-uagb-image uagb-block-36f5ebba wp-block-uagb-image--layout-default wp-block-uagb-image--effect-static wp-block-uagb-image--align-none\"><figure class=\"wp-block-uagb-image__figure\"><img decoding=\"async\" srcset=\"https:\/\/hervitransportes.com\/wp-content\/uploads\/2023\/10\/5913d260-0a30-4f1e-921a-ca5bfafa3e33-7.jpg ,https:\/\/hervitransportes.com\/wp-content\/uploads\/2023\/10\/5913d260-0a30-4f1e-921a-ca5bfafa3e33-7.jpg 780w, https:\/\/hervitransportes.com\/wp-content\/uploads\/2023\/10\/5913d260-0a30-4f1e-921a-ca5bfafa3e33-7.jpg 360w\" sizes=\"auto, (max-width: 480px) 150px\" src=\"https:\/\/hervitransportes.com\/wp-content\/uploads\/2023\/10\/5913d260-0a30-4f1e-921a-ca5bfafa3e33-7.jpg\" alt=\"\" class=\"uag-image-601\" width=\"700\" height=\"500\" title=\"\" loading=\"lazy\"\/><\/figure><\/div>\n<\/div>\n\n\n\n<div class=\"wp-block-uagb-container uagb-block-579dea2f\">\n<div class=\"wp-block-uagb-advanced-heading uagb-block-ee1c6bac\"><h2 class=\"uagb-heading-text\"><mark style=\"background-color:rgba(0, 0, 0, 0)\" class=\"has-inline-color has-ast-global-color-5-color\">Estamos a tus \u00f3rdenes.<\/mark><\/h2><\/div>\n\n\n\n<div class=\"wp-block-buttons is-layout-flex wp-block-buttons-is-layout-flex\">\n<div class=\"wp-block-button\"><a class=\"wp-block-button__link wp-element-button\" href=\"https:\/\/wa.me\/8186865058\">WhatsApp<\/a><\/div>\n<\/div>\n<\/div>\n<\/div><\/div>\n","protected":false},"excerpt":{"rendered":"<p>Sobre nosotros Somos una empresa dedicada al servicio de transporte de carga dispuesta a ayudar a agilizar el traslado de tus productos. Nuestra filosof\u00eda En Hervi Transportes nos esmeramos d\u00eda a d\u00eda en satisfacer las necesidades de nuestros clientes, brindando traslados con el tiempo y la seguridad necesaria, generando confianza en nuestros clientes. Creemos firmemente &hellip;<\/p>\n<p class=\"read-more\"> <a class=\"\" href=\"https:\/\/hervitransportes.com\/?page_id=360\"> <span class=\"screen-reader-text\">Nosotros<\/span> Leer m\u00e1s &raquo;<\/a><\/p>\n","protected":false},"author":1,"featured_media":0,"parent":0,"menu_order":0,"comment_status":"closed","ping_status":"closed","template":"","meta":{"om_disable_all_campaigns":false,"_uag_custom_page_level_css":"","_monsterinsights_skip_tracking":false,"_monsterinsights_sitenote_active":false,"_monsterinsights_sitenote_note":"","_monsterinsights_sitenote_category":0,"site-sidebar-layout":"no-sidebar","site-content-layout":"plain-container","ast-main-header-display":"","ast-hfb-above-header-display":"","ast-hfb-below-header-display":"","ast-hfb-mobile-header-display":"","site-post-title":"disabled","ast-breadcrumbs-content":"","ast-featured-img":"","footer-sml-layout":"","theme-transparent-header-meta":"enabled","adv-header-id-meta":"","stick-header-meta":"","header-above-stick-meta":"","header-main-stick-meta":"","header-below-stick-meta":"","footnotes":""},"class_list":["post-360","page","type-page","status-publish","hentry"],"uagb_featured_image_src":{"full":false,"thumbnail":false,"medium":false,"medium_large":false,"large":false,"1536x1536":false,"2048x2048":false},"uagb_author_info":{"display_name":"hervitransportes@gmail.com","author_link":"https:\/\/hervitransportes.com\/?author=1"},"uagb_comment_info":0,"uagb_excerpt":"Sobre nosotros Somos una empresa dedicada al servicio de transporte de carga dispuesta a ayudar a agilizar el traslado de tus productos. Nuestra filosof\u00eda En Hervi Transportes nos esmeramos d\u00eda a d\u00eda en satisfacer las necesidades de nuestros clientes, brindando traslados con el tiempo y la seguridad necesaria, generando confianza en nuestros clientes. Creemos firmemente&hellip;","_links":{"self":[{"href":"https:\/\/hervitransportes.com\/index.php?rest_route=\/wp\/v2\/pages\/360","targetHints":{"allow":["GET"]}}],"collection":[{"href":"https:\/\/hervitransportes.com\/index.php?rest_route=\/wp\/v2\/pages"}],"about":[{"href":"https:\/\/hervitransportes.com\/index.php?rest_route=\/wp\/v2\/types\/page"}],"author":[{"embeddable":true,"href":"https:\/\/hervitransportes.com\/index.php?rest_route=\/wp\/v2\/users\/1"}],"replies":[{"embeddable":true,"href":"https:\/\/hervitransportes.com\/index.php?rest_route=%2Fwp%2Fv2%2Fcomments&post=360"}],"version-history":[{"count":4,"href":"https:\/\/hervitransportes.com\/index.php?rest_route=\/wp\/v2\/pages\/360\/revisions"}],"predecessor-version":[{"id":624,"href":"https:\/\/hervitransportes.com\/index.php?rest_route=\/wp\/v2\/pages\/360\/revisions\/624"}],"wp:attachment":[{"href":"https:\/\/hervitransportes.com\/index.php?rest_route=%2Fwp%2Fv2%2Fmedia&parent=360"}],"curies":[{"name":"wp","href":"https:\/\/api.w.org\/{rel}","templated":true}]}}