{"id":362,"date":"2021-05-13T05:31:27","date_gmt":"2021-05-13T05:31:27","guid":{"rendered":"https:\/\/hervitransportes.com\/?page_id=362"},"modified":"2023-12-30T05:14:55","modified_gmt":"2023-12-30T05:14:55","slug":"contact","status":"publish","type":"page","link":"https:\/\/hervitransportes.com\/?page_id=362","title":{"rendered":"Contacto"},"content":{"rendered":"\n<div class=\"wp-block-uagb-container uagb-block-ddbe5c65 alignfull uagb-is-root-container\"><div class=\"uagb-container-inner-blocks-wrap\">\n<div class=\"wp-block-uagb-advanced-heading uagb-block-fa4e7c56\"><h1 class=\"uagb-heading-text\">Cont\u00e1ctanos\u200b<\/h1><p class=\"uagb-desc-text\">Estamos en la mejor disposici\u00f3n de satisfacer tus necesidades. Te ofrecemos informaci\u00f3n a trav\u00e9s de los siguientes medios.<\/p><\/div>\n<\/div><\/div>\n\n\n\n<div class=\"wp-block-uagb-container uagb-block-f62f7c39 alignfull uagb-is-root-container\"><div class=\"uagb-container-inner-blocks-wrap\"><\/div><\/div>\n\n\n\n<div class=\"wp-block-uagb-container uagb-block-593b363d alignfull uagb-is-root-container\"><div class=\"uagb-container-inner-blocks-wrap\">\n<div class=\"wp-block-uagb-container uagb-block-959d29cc\">\n<div class=\"wp-block-uagb-advanced-heading uagb-block-48857813\"><h2 class=\"uagb-heading-text\">Escr\u00edbenos v\u00eda WhatsApp<\/h2><\/div>\n\n\n\n<div class=\"wp-block-buttons is-layout-flex wp-block-buttons-is-layout-flex\">\n<div class=\"wp-block-button\"><a class=\"wp-block-button__link wp-element-button\" href=\"https:\/\/wa.me\/8186865058\">Contacto WhatsApp<\/a><\/div>\n<\/div>\n<\/div>\n\n\n\n<div class=\"wp-block-uagb-container uagb-block-73adf101\">\n<div class=\"wp-block-uagb-advanced-heading uagb-block-715da796\"><h3 class=\"uagb-heading-text\">Env\u00edanos un Email<\/h3><\/div>\n\n\n\n<div class=\"wp-block-buttons is-layout-flex wp-block-buttons-is-layout-flex\">\n<div class=\"wp-block-button\"><a class=\"wp-block-button__link wp-element-button\" href=\"mailto:ventas@hervitransportes.com\">Correo electr\u00f3nico<\/a><\/div>\n<\/div>\n<\/div>\n<\/div><\/div>\n","protected":false},"excerpt":{"rendered":"<p>Cont\u00e1ctanos\u200b Estamos en la mejor disposici\u00f3n de satisfacer tus necesidades. Te ofrecemos informaci\u00f3n a trav\u00e9s de los siguientes medios. Escr\u00edbenos v\u00eda WhatsApp Env\u00edanos un Email<\/p>\n","protected":false},"author":1,"featured_media":0,"parent":0,"menu_order":0,"comment_status":"closed","ping_status":"closed","template":"","meta":{"om_disable_all_campaigns":false,"_uag_custom_page_level_css":"","_monsterinsights_skip_tracking":false,"_monsterinsights_sitenote_active":false,"_monsterinsights_sitenote_note":"","_monsterinsights_sitenote_category":0,"site-sidebar-layout":"no-sidebar","site-content-layout":"plain-container","ast-main-header-display":"","ast-hfb-above-header-display":"","ast-hfb-below-header-display":"","ast-hfb-mobile-header-display":"","site-post-title":"disabled","ast-breadcrumbs-content":"","ast-featured-img":"","footer-sml-layout":"","theme-transparent-header-meta":"enabled","adv-header-id-meta":"","stick-header-meta":"","header-above-stick-meta":"","header-main-stick-meta":"","header-below-stick-meta":"","footnotes":""},"class_list":["post-362","page","type-page","status-publish","hentry"],"uagb_featured_image_src":{"full":false,"thumbnail":false,"medium":false,"medium_large":false,"large":false,"1536x1536":false,"2048x2048":false},"uagb_author_info":{"display_name":"hervitransportes@gmail.com","author_link":"https:\/\/hervitransportes.com\/?author=1"},"uagb_comment_info":0,"uagb_excerpt":"Cont\u00e1ctanos\u200b Estamos en la mejor disposici\u00f3n de satisfacer tus necesidades. Te ofrecemos informaci\u00f3n a trav\u00e9s de los siguientes medios. Escr\u00edbenos v\u00eda WhatsApp Env\u00edanos un Email","_links":{"self":[{"href":"https:\/\/hervitransportes.com\/index.php?rest_route=\/wp\/v2\/pages\/362","targetHints":{"allow":["GET"]}}],"collection":[{"href":"https:\/\/hervitransportes.com\/index.php?rest_route=\/wp\/v2\/pages"}],"about":[{"href":"https:\/\/hervitransportes.com\/index.php?rest_route=\/wp\/v2\/types\/page"}],"author":[{"embeddable":true,"href":"https:\/\/hervitransportes.com\/index.php?rest_route=\/wp\/v2\/users\/1"}],"replies":[{"embeddable":true,"href":"https:\/\/hervitransportes.com\/index.php?rest_route=%2Fwp%2Fv2%2Fcomments&post=362"}],"version-history":[{"count":5,"href":"https:\/\/hervitransportes.com\/index.php?rest_route=\/wp\/v2\/pages\/362\/revisions"}],"predecessor-version":[{"id":629,"href":"https:\/\/hervitransportes.com\/index.php?rest_route=\/wp\/v2\/pages\/362\/revisions\/629"}],"wp:attachment":[{"href":"https:\/\/hervitransportes.com\/index.php?rest_route=%2Fwp%2Fv2%2Fmedia&parent=362"}],"curies":[{"name":"wp","href":"https:\/\/api.w.org\/{rel}","templated":true}]}}